{"id":16941,"date":"2020-03-02T10:27:05","date_gmt":"2020-03-02T10:27:05","guid":{"rendered":"https:\/\/demo01.houzez.co\/?page_id=16941"},"modified":"2026-04-02T17:01:18","modified_gmt":"2026-04-02T17:01:18","slug":"contact","status":"publish","type":"page","link":"https:\/\/trupropertyturkey.com\/ar\/contact\/","title":{"rendered":"\u0627\u062a\u0635\u0627\u0644"},"content":{"rendered":"<div data-elementor-type=\"wp-page\" data-elementor-id=\"16941\" class=\"elementor elementor-16941\">\n\t\t\t\t\t\t<section class=\"elementor-section elementor-top-section elementor-element elementor-element-125aa3d elementor-section-height-min-height animated-slow elementor-section-boxed elementor-section-height-default elementor-section-items-middle elementor-invisible\" data-id=\"125aa3d\" data-element_type=\"section\" data-e-type=\"section\" data-settings=\"{&quot;background_background&quot;:&quot;classic&quot;,&quot;animation&quot;:&quot;fadeIn&quot;}\">\n\t\t\t\t\t\t\t<div class=\"elementor-background-overlay\"><\/div>\n\t\t\t\t\t\t\t<div class=\"elementor-container elementor-column-gap-default\">\n\t\t\t\t\t<div class=\"elementor-column elementor-col-100 elementor-top-column elementor-element elementor-element-3b3a0df\" data-id=\"3b3a0df\" data-element_type=\"column\" data-e-type=\"column\">\n\t\t\t<div class=\"elementor-widget-wrap elementor-element-populated\">\n\t\t\t\t\t\t<div class=\"elementor-element elementor-element-1bdf606 elementor-widget elementor-widget-heading\" data-id=\"1bdf606\" data-element_type=\"widget\" data-e-type=\"widget\" data-widget_type=\"heading.default\">\n\t\t\t\t<div class=\"elementor-widget-container\">\n\t\t\t\t\t<h1 class=\"elementor-heading-title elementor-size-default\">Contact us<\/h1>\t\t\t\t<\/div>\n\t\t\t\t<\/div>\n\t\t\t\t\t<\/div>\n\t\t<\/div>\n\t\t\t\t\t<\/div>\n\t\t<\/section>\n\t\t\t\t<section class=\"elementor-section elementor-top-section elementor-element elementor-element-5ec2734 elementor-section-boxed elementor-section-height-default elementor-section-height-default\" data-id=\"5ec2734\" data-element_type=\"section\" data-e-type=\"section\">\n\t\t\t\t\t\t<div class=\"elementor-container elementor-column-gap-default\">\n\t\t\t\t\t<div class=\"elementor-column elementor-col-100 elementor-top-column elementor-element elementor-element-e1bd41f\" data-id=\"e1bd41f\" data-element_type=\"column\" data-e-type=\"column\">\n\t\t\t<div class=\"elementor-widget-wrap elementor-element-populated\">\n\t\t\t\t\t\t<div class=\"elementor-element elementor-element-49cbafe elementor-widget elementor-widget-houzez_elementor_space\" data-id=\"49cbafe\" data-element_type=\"widget\" data-e-type=\"widget\" data-widget_type=\"houzez_elementor_space.default\">\n\t\t\t\t<div class=\"elementor-widget-container\">\n\t\t\t\t\t        <div class=\"houzez-spacer\">\n            <div class=\"houzez-spacer-inner\"><\/div>\n        <\/div>\n        \t\t\t\t<\/div>\n\t\t\t\t<\/div>\n\t\t\t\t\t<\/div>\n\t\t<\/div>\n\t\t\t\t\t<\/div>\n\t\t<\/section>\n\t\t\t\t<section class=\"elementor-section elementor-top-section elementor-element elementor-element-d0b02e7 elementor-section-content-top animated-slow elementor-section-boxed elementor-section-height-default elementor-section-height-default elementor-invisible\" data-id=\"d0b02e7\" data-element_type=\"section\" data-e-type=\"section\" data-settings=\"{&quot;animation&quot;:&quot;fadeIn&quot;}\">\n\t\t\t\t\t\t<div class=\"elementor-container elementor-column-gap-default\">\n\t\t\t\t\t<div class=\"elementor-column elementor-col-50 elementor-top-column elementor-element elementor-element-3139327\" data-id=\"3139327\" data-element_type=\"column\" data-e-type=\"column\" data-settings=\"{&quot;background_background&quot;:&quot;classic&quot;}\">\n\t\t\t<div class=\"elementor-widget-wrap elementor-element-populated\">\n\t\t\t\t\t\t<div class=\"elementor-element elementor-element-558e268 elementor-widget elementor-widget-html\" data-id=\"558e268\" data-element_type=\"widget\" data-e-type=\"widget\" data-widget_type=\"html.default\">\n\t\t\t\t<div class=\"elementor-widget-container\">\n\t\t\t\t\t<iframe aria-label='\u0627\u0644\u062a\u0648\u0627\u0635\u0644 \u0645\u0639 \u0634\u0631\u0643\u0629 \u062a\u0631\u0648 \u0627\u0644\u0639\u0642\u0627\u0631\u064a\u0629 \u0641\u064a \u062a\u0631\u0643\u064a\u0627' frameborder=\"0\" style=\"height:600px;width:99%;border:none;\" src='https:\/\/forms.zohopublic.com\/elchintru1\/form\/ContactTruPropertyTurkey\/formperma\/cmAoHcPeFVSQ_vFNCt-pQgmb1SA3gAZf1BYLg7SMnfQ'><\/iframe>\t\t\t\t<\/div>\n\t\t\t\t<\/div>\n\t\t\t\t\t<\/div>\n\t\t<\/div>\n\t\t\t\t<div class=\"elementor-column elementor-col-25 elementor-top-column elementor-element elementor-element-bd2c54b\" data-id=\"bd2c54b\" data-element_type=\"column\" data-e-type=\"column\">\n\t\t\t<div class=\"elementor-widget-wrap\">\n\t\t\t\t\t\t\t<\/div>\n\t\t<\/div>\n\t\t\t\t<div class=\"elementor-column elementor-col-25 elementor-top-column elementor-element elementor-element-66ddd7d\" data-id=\"66ddd7d\" data-element_type=\"column\" data-e-type=\"column\">\n\t\t\t<div class=\"elementor-widget-wrap elementor-element-populated\">\n\t\t\t\t\t\t<div class=\"elementor-element elementor-element-23057bd elementor-widget elementor-widget-text-editor\" data-id=\"23057bd\" data-element_type=\"widget\" data-e-type=\"widget\" data-widget_type=\"text-editor.default\">\n\t\t\t\t<div class=\"elementor-widget-container\">\n\t\t\t\t\t\t\t\t\t<p class=\"padding-top\"><b>Contact Informations<\/b><\/p><p><strong>Phone<\/strong><br \/><a href=\"tel:+905366371201\">+905366371201<\/a><\/p><p><strong>Mobile<\/strong><br \/><a href=\"tel:905366371201\">+905366371201<\/a><\/p><p><strong>\u0628\u0631\u064a\u062f \u0625\u0644\u0643\u062a\u0631\u0648\u0646\u064a<\/strong><br \/><a href=\"mailto:hello@trupropertyturkey.com\">hello@trupropertyturkey.com<\/a><\/p><p><strong>Address<\/strong>:<br \/>Istanbul, \u00dcsk\u00fcdar, \u00dcnalan Mahallesi, Libadiye Street No: 82F, Emaar Square Business Tower, Floor: 15.<\/p><div class=\"rh_contact\"><div class=\"rh_contact__wrap\">\u00a0<\/div><\/div><div id=\"simple-translate\" class=\"simple-translate-light-theme\"><div><div class=\"simple-translate-button isShow\" style=\"background-image: url('chrome-extension:\/\/ibplnjkanclpjokhdolnendpplpjiace\/icons\/512.png'); height: 22px; width: 22px; top: 231px; left: 165px;\">\u00a0<\/div><div class=\"simple-translate-panel\" style=\"width: 300px; height: 200px; top: 0px; left: 0px; font-size: 13px;\"><div class=\"simple-translate-result-wrapper\" style=\"overflow: hidden;\"><div class=\"simple-translate-move\" draggable=\"true\">\u00a0<\/div><div class=\"simple-translate-result-contents\"><p class=\"simple-translate-candidate\" dir=\"auto\">\u00a0<\/p><\/div><\/div><\/div><\/div><\/div>\t\t\t\t\t\t\t\t<\/div>\n\t\t\t\t<\/div>\n\t\t\t\t<div class=\"elementor-element elementor-element-0b2a1b4 e-grid-align-left elementor-shape-rounded elementor-grid-0 elementor-widget elementor-widget-social-icons\" data-id=\"0b2a1b4\" data-element_type=\"widget\" data-e-type=\"widget\" data-widget_type=\"social-icons.default\">\n\t\t\t\t<div class=\"elementor-widget-container\">\n\t\t\t\t\t\t\t<div class=\"elementor-social-icons-wrapper elementor-grid\" role=\"list\">\n\t\t\t\t\t\t\t<span class=\"elementor-grid-item\" role=\"listitem\">\n\t\t\t\t\t<a class=\"elementor-icon elementor-social-icon elementor-social-icon-facebook elementor-animation-shrink elementor-repeater-item-4d4e750\" href=\"https:\/\/www.facebook.com\/profile.php?id=100091991610356\" target=\"_blank\">\n\t\t\t\t\t\t<span class=\"elementor-screen-only\">\u0641\u064a\u0633\u0628\u0648\u0643<\/span>\n\t\t\t\t\t\t<i aria-hidden=\"true\" class=\"fab fa-facebook\"><\/i>\t\t\t\t\t<\/a>\n\t\t\t\t<\/span>\n\t\t\t\t\t\t\t<span class=\"elementor-grid-item\" role=\"listitem\">\n\t\t\t\t\t<a class=\"elementor-icon elementor-social-icon elementor-social-icon-youtube elementor-animation-shrink elementor-repeater-item-4483b35\" href=\"https:\/\/www.youtube.com\/@luxurypropertiesturkey\" target=\"_blank\">\n\t\t\t\t\t\t<span class=\"elementor-screen-only\">Youtube<\/span>\n\t\t\t\t\t\t<i aria-hidden=\"true\" class=\"fab fa-youtube\"><\/i>\t\t\t\t\t<\/a>\n\t\t\t\t<\/span>\n\t\t\t\t\t\t\t<span class=\"elementor-grid-item\" role=\"listitem\">\n\t\t\t\t\t<a class=\"elementor-icon elementor-social-icon elementor-social-icon-linkedin elementor-animation-shrink elementor-repeater-item-4cd5d30\" href=\"https:\/\/www.linkedin.com\/company\/luxurypropertiesturkey\" target=\"_blank\">\n\t\t\t\t\t\t<span class=\"elementor-screen-only\">Linkedin<\/span>\n\t\t\t\t\t\t<i aria-hidden=\"true\" class=\"fab fa-linkedin\"><\/i>\t\t\t\t\t<\/a>\n\t\t\t\t<\/span>\n\t\t\t\t\t\t\t<span class=\"elementor-grid-item\" role=\"listitem\">\n\t\t\t\t\t<a class=\"elementor-icon elementor-social-icon elementor-social-icon-instagram elementor-animation-shrink elementor-repeater-item-9e48d2c\" href=\"https:\/\/www.instagram.com\/luxurypropertiesturkey\/\" target=\"_blank\">\n\t\t\t\t\t\t<span class=\"elementor-screen-only\">\u0627\u0646\u0633\u062a\u0642\u0631\u0627\u0645<\/span>\n\t\t\t\t\t\t<i aria-hidden=\"true\" class=\"fab fa-instagram\"><\/i>\t\t\t\t\t<\/a>\n\t\t\t\t<\/span>\n\t\t\t\t\t<\/div>\n\t\t\t\t\t\t<\/div>\n\t\t\t\t<\/div>\n\t\t\t\t\t<\/div>\n\t\t<\/div>\n\t\t\t\t\t<\/div>\n\t\t<\/section>\n\t\t\t\t<section class=\"elementor-section elementor-top-section elementor-element elementor-element-ddbf539 elementor-section-boxed elementor-section-height-default elementor-section-height-default\" data-id=\"ddbf539\" data-element_type=\"section\" data-e-type=\"section\">\n\t\t\t\t\t\t<div class=\"elementor-container elementor-column-gap-default\">\n\t\t\t\t\t<div class=\"elementor-column elementor-col-100 elementor-top-column elementor-element elementor-element-84f5425\" data-id=\"84f5425\" data-element_type=\"column\" data-e-type=\"column\">\n\t\t\t<div class=\"elementor-widget-wrap elementor-element-populated\">\n\t\t\t\t\t\t<div class=\"elementor-element elementor-element-11366a9 elementor-widget elementor-widget-spacer\" data-id=\"11366a9\" data-element_type=\"widget\" data-e-type=\"widget\" data-widget_type=\"spacer.default\">\n\t\t\t\t<div class=\"elementor-widget-container\">\n\t\t\t\t\t\t\t<div class=\"elementor-spacer\">\n\t\t\t<div class=\"elementor-spacer-inner\"><\/div>\n\t\t<\/div>\n\t\t\t\t\t\t<\/div>\n\t\t\t\t<\/div>\n\t\t\t\t\t<\/div>\n\t\t<\/div>\n\t\t\t\t\t<\/div>\n\t\t<\/section>\n\t\t\t\t<\/div>","protected":false},"excerpt":{"rendered":"<p>Contact us Contact Informations Phone+905366371201 Mobile+905366371201 Emailhello@trupropertyturkey.com Address:Istanbul, \u00dcsk\u00fcdar, \u00dcnalan Mahallesi, Libadiye Street No: 82F, Emaar Square Business Tower, Floor: 15. \u00a0\u00a0\u00a0 \u00a0 Facebook Youtube Linkedin Instagram<\/p>","protected":false},"author":3,"featured_media":0,"parent":0,"menu_order":0,"comment_status":"closed","ping_status":"closed","template":"template\/template-homepage.php","meta":{"inline_featured_image":false,"_joinchat":[],"footnotes":""},"class_list":["post-16941","page","type-page","status-publish","hentry"],"yoast_head":"<!-- This site is optimized with the Yoast SEO Premium plugin v27.3 (Yoast SEO v27.3) - https:\/\/yoast.com\/product\/yoast-seo-premium-wordpress\/ -->\n<title>Contact - Tru Property Turkey<\/title>\n<meta name=\"description\" content=\"Contact us and let us make your luxury home dream come true. Contact our team of experts and find your ideal luxury home with Luxurypropertiesturkey.\" \/>\n<meta name=\"robots\" content=\"index, follow, max-snippet:-1, max-image-preview:large, max-video-preview:-1\" \/>\n<link rel=\"canonical\" href=\"https:\/\/trupropertyturkey.com\/ar\/contact\/\" \/>\n<meta property=\"og:locale\" content=\"ar_AR\" \/>\n<meta property=\"og:type\" content=\"article\" \/>\n<meta property=\"og:title\" content=\"Contact\" \/>\n<meta property=\"og:description\" content=\"Contact us and let us make your luxury home dream come true. Contact our team of experts and find your ideal luxury home with Luxurypropertiesturkey.\" \/>\n<meta property=\"og:url\" content=\"https:\/\/trupropertyturkey.com\/ar\/contact\/\" \/>\n<meta property=\"og:site_name\" content=\"Tru Property Turkey\" \/>\n<meta property=\"article:modified_time\" content=\"2026-04-02T17:01:18+00:00\" \/>\n<meta name=\"twitter:card\" content=\"summary_large_image\" \/>\n<script type=\"application\/ld+json\" class=\"yoast-schema-graph\">{\"@context\":\"https:\\\/\\\/schema.org\",\"@graph\":[{\"@type\":\"WebPage\",\"@id\":\"https:\\\/\\\/trupropertyturkey.com\\\/contact\\\/\",\"url\":\"https:\\\/\\\/trupropertyturkey.com\\\/contact\\\/\",\"name\":\"Contact - Tru Property Turkey\",\"isPartOf\":{\"@id\":\"https:\\\/\\\/trupropertyturkey.com\\\/#website\"},\"datePublished\":\"2020-03-02T10:27:05+00:00\",\"dateModified\":\"2026-04-02T17:01:18+00:00\",\"description\":\"Contact us and let us make your luxury home dream come true. Contact our team of experts and find your ideal luxury home with Luxurypropertiesturkey.\",\"breadcrumb\":{\"@id\":\"https:\\\/\\\/trupropertyturkey.com\\\/contact\\\/#breadcrumb\"},\"inLanguage\":\"ar\",\"potentialAction\":[{\"@type\":\"ReadAction\",\"target\":[\"https:\\\/\\\/trupropertyturkey.com\\\/contact\\\/\"]}]},{\"@type\":\"BreadcrumbList\",\"@id\":\"https:\\\/\\\/trupropertyturkey.com\\\/contact\\\/#breadcrumb\",\"itemListElement\":[{\"@type\":\"ListItem\",\"position\":1,\"name\":\"Home\",\"item\":\"https:\\\/\\\/trupropertyturkey.com\\\/\"},{\"@type\":\"ListItem\",\"position\":2,\"name\":\"Contact\"}]},{\"@type\":\"WebSite\",\"@id\":\"https:\\\/\\\/trupropertyturkey.com\\\/#website\",\"url\":\"https:\\\/\\\/trupropertyturkey.com\\\/\",\"name\":\"trupropertyturkey.com\",\"description\":\"Property for Sale in Turkey | Turkey Real Estate\",\"publisher\":{\"@id\":\"https:\\\/\\\/trupropertyturkey.com\\\/#organization\"},\"alternateName\":\"Luxury Properties Turkey\",\"potentialAction\":[{\"@type\":\"SearchAction\",\"target\":{\"@type\":\"EntryPoint\",\"urlTemplate\":\"https:\\\/\\\/trupropertyturkey.com\\\/?s={search_term_string}\"},\"query-input\":{\"@type\":\"PropertyValueSpecification\",\"valueRequired\":true,\"valueName\":\"search_term_string\"}}],\"inLanguage\":\"ar\"},{\"@type\":\"Organization\",\"@id\":\"https:\\\/\\\/trupropertyturkey.com\\\/#organization\",\"name\":\"Tru Property Turkey\",\"url\":\"https:\\\/\\\/trupropertyturkey.com\\\/\",\"logo\":{\"@type\":\"ImageObject\",\"inLanguage\":\"ar\",\"@id\":\"https:\\\/\\\/trupropertyturkey.com\\\/#\\\/schema\\\/logo\\\/image\\\/\",\"url\":\"https:\\\/\\\/trupropertyturkey.com\\\/wp-content\\\/uploads\\\/2026\\\/03\\\/cropped-Tru-Property-Turkey-1.png\",\"contentUrl\":\"https:\\\/\\\/trupropertyturkey.com\\\/wp-content\\\/uploads\\\/2026\\\/03\\\/cropped-Tru-Property-Turkey-1.png\",\"width\":512,\"height\":512,\"caption\":\"Tru Property Turkey\"},\"image\":{\"@id\":\"https:\\\/\\\/trupropertyturkey.com\\\/#\\\/schema\\\/logo\\\/image\\\/\"}}]}<\/script>\n<!-- \/ Yoast SEO Premium plugin. -->","yoast_head_json":{"title":"Contact - Tru Property Turkey","description":"Contact us and let us make your luxury home dream come true. Contact our team of experts and find your ideal luxury home with Luxurypropertiesturkey.","robots":{"index":"index","follow":"follow","max-snippet":"max-snippet:-1","max-image-preview":"max-image-preview:large","max-video-preview":"max-video-preview:-1"},"canonical":"https:\/\/trupropertyturkey.com\/ar\/contact\/","og_locale":"ar_AR","og_type":"article","og_title":"Contact","og_description":"Contact us and let us make your luxury home dream come true. Contact our team of experts and find your ideal luxury home with Luxurypropertiesturkey.","og_url":"https:\/\/trupropertyturkey.com\/ar\/contact\/","og_site_name":"Tru Property Turkey","article_modified_time":"2026-04-02T17:01:18+00:00","twitter_card":"summary_large_image","schema":{"@context":"https:\/\/schema.org","@graph":[{"@type":"WebPage","@id":"https:\/\/trupropertyturkey.com\/contact\/","url":"https:\/\/trupropertyturkey.com\/contact\/","name":"Contact - Tru Property Turkey","isPartOf":{"@id":"https:\/\/trupropertyturkey.com\/#website"},"datePublished":"2020-03-02T10:27:05+00:00","dateModified":"2026-04-02T17:01:18+00:00","description":"Contact us and let us make your luxury home dream come true. Contact our team of experts and find your ideal luxury home with Luxurypropertiesturkey.","breadcrumb":{"@id":"https:\/\/trupropertyturkey.com\/contact\/#breadcrumb"},"inLanguage":"ar","potentialAction":[{"@type":"ReadAction","target":["https:\/\/trupropertyturkey.com\/contact\/"]}]},{"@type":"BreadcrumbList","@id":"https:\/\/trupropertyturkey.com\/contact\/#breadcrumb","itemListElement":[{"@type":"ListItem","position":1,"name":"Home","item":"https:\/\/trupropertyturkey.com\/"},{"@type":"ListItem","position":2,"name":"Contact"}]},{"@type":"WebSite","@id":"https:\/\/trupropertyturkey.com\/#website","url":"https:\/\/trupropertyturkey.com\/","name":"trupropertyturkey.com","description":"Property for Sale in Turkey | Turkey Real Estate","publisher":{"@id":"https:\/\/trupropertyturkey.com\/#organization"},"alternateName":"Luxury Properties Turkey","potentialAction":[{"@type":"SearchAction","target":{"@type":"EntryPoint","urlTemplate":"https:\/\/trupropertyturkey.com\/?s={search_term_string}"},"query-input":{"@type":"PropertyValueSpecification","valueRequired":true,"valueName":"search_term_string"}}],"inLanguage":"ar"},{"@type":"Organization","@id":"https:\/\/trupropertyturkey.com\/#organization","name":"\u062a\u0631\u0648 \u0628\u0631\u0648\u0628\u0631\u062a\u064a \u062a\u0631\u0643\u064a\u0627","url":"https:\/\/trupropertyturkey.com\/","logo":{"@type":"ImageObject","inLanguage":"ar","@id":"https:\/\/trupropertyturkey.com\/#\/schema\/logo\/image\/","url":"https:\/\/trupropertyturkey.com\/wp-content\/uploads\/2026\/03\/cropped-Tru-Property-Turkey-1.png","contentUrl":"https:\/\/trupropertyturkey.com\/wp-content\/uploads\/2026\/03\/cropped-Tru-Property-Turkey-1.png","width":512,"height":512,"caption":"Tru Property Turkey"},"image":{"@id":"https:\/\/trupropertyturkey.com\/#\/schema\/logo\/image\/"}}]}},"_links":{"self":[{"href":"https:\/\/trupropertyturkey.com\/ar\/wp-json\/wp\/v2\/pages\/16941","targetHints":{"allow":["GET"]}}],"collection":[{"href":"https:\/\/trupropertyturkey.com\/ar\/wp-json\/wp\/v2\/pages"}],"about":[{"href":"https:\/\/trupropertyturkey.com\/ar\/wp-json\/wp\/v2\/types\/page"}],"author":[{"embeddable":true,"href":"https:\/\/trupropertyturkey.com\/ar\/wp-json\/wp\/v2\/users\/3"}],"replies":[{"embeddable":true,"href":"https:\/\/trupropertyturkey.com\/ar\/wp-json\/wp\/v2\/comments?post=16941"}],"version-history":[{"count":21,"href":"https:\/\/trupropertyturkey.com\/ar\/wp-json\/wp\/v2\/pages\/16941\/revisions"}],"predecessor-version":[{"id":45926,"href":"https:\/\/trupropertyturkey.com\/ar\/wp-json\/wp\/v2\/pages\/16941\/revisions\/45926"}],"wp:attachment":[{"href":"https:\/\/trupropertyturkey.com\/ar\/wp-json\/wp\/v2\/media?parent=16941"}],"curies":[{"name":"wp","href":"https:\/\/api.w.org\/{rel}","templated":true}]}}